{"id":150,"date":"2023-11-25T16:45:00","date_gmt":"2023-11-25T16:45:00","guid":{"rendered":"https:\/\/www.aurelieverioca.com\/?post_type=product&#038;p=150"},"modified":"2023-11-28T17:02:40","modified_gmt":"2023-11-28T17:02:40","slug":"alem-des-nuages-le-1er-album-de-aurelie-verioca","status":"publish","type":"product","link":"https:\/\/www.aurelieverioca.com\/pt\/produto\/alem-des-nuages-le-1er-album-de-aurelie-verioca\/","title":{"rendered":"\u201cAl\u00e9m desclouds\u201c - o 1\u00ba \u00e1lbum de Aur\u00e9lie &amp; Verioca"},"content":{"rendered":"","protected":false},"excerpt":{"rendered":"<p>\u201cAl\u00e9m desclouds\u201c O 1\u00ba disco de Aur\u00e9lie &amp; Verioca<br \/>(KOD&#039;S \/ Rue Stendhal 2011)<\/p>\n<p>Com a participa\u00e7\u00e3o de:<br \/>Guinga\u00a0<br \/>Philippe Baden Powell<br \/>Paula Santoro<br \/>Marcelo Preto<br \/>o grupo de samba Casuarina<br \/>Rafael Vernet<br \/>Aline Gon\u00e7alves<br \/>Khalid Kouhen<br \/>Pierrick Hardy...\u00a0<br \/>Com o apoio da Sacem atrav\u00e9s de ajuda \u00e0 autoprodu\u00e7\u00e3o<\/p>","protected":false},"featured_media":204,"comment_status":"open","ping_status":"closed","template":"","meta":{"_acf_changed":false,"inline_featured_image":false},"product_brand":[],"product_cat":[17],"product_tag":[],"class_list":{"0":"post-150","1":"product","2":"type-product","3":"status-publish","4":"has-post-thumbnail","6":"product_cat-albums-a-v","8":"first","9":"instock","10":"shipping-taxable","11":"purchasable","12":"product-type-simple"},"acf":[],"_links":{"self":[{"href":"https:\/\/www.aurelieverioca.com\/pt\/wp-json\/wp\/v2\/product\/150","targetHints":{"allow":["GET"]}}],"collection":[{"href":"https:\/\/www.aurelieverioca.com\/pt\/wp-json\/wp\/v2\/product"}],"about":[{"href":"https:\/\/www.aurelieverioca.com\/pt\/wp-json\/wp\/v2\/types\/product"}],"replies":[{"embeddable":true,"href":"https:\/\/www.aurelieverioca.com\/pt\/wp-json\/wp\/v2\/comments?post=150"}],"wp:featuredmedia":[{"embeddable":true,"href":"https:\/\/www.aurelieverioca.com\/pt\/wp-json\/wp\/v2\/media\/204"}],"wp:attachment":[{"href":"https:\/\/www.aurelieverioca.com\/pt\/wp-json\/wp\/v2\/media?parent=150"}],"wp:term":[{"taxonomy":"product_brand","embeddable":true,"href":"https:\/\/www.aurelieverioca.com\/pt\/wp-json\/wp\/v2\/product_brand?post=150"},{"taxonomy":"product_cat","embeddable":true,"href":"https:\/\/www.aurelieverioca.com\/pt\/wp-json\/wp\/v2\/product_cat?post=150"},{"taxonomy":"product_tag","embeddable":true,"href":"https:\/\/www.aurelieverioca.com\/pt\/wp-json\/wp\/v2\/product_tag?post=150"}],"curies":[{"name":"wp","href":"https:\/\/api.w.org\/{rel}","templated":true}]}}