{"id":88,"date":"2023-11-13T13:36:52","date_gmt":"2023-11-13T13:36:52","guid":{"rendered":"https:\/\/www.aurelieverioca.com\/?page_id=88"},"modified":"2023-11-13T13:36:52","modified_gmt":"2023-11-13T13:36:52","slug":"conditions-dutilisation","status":"publish","type":"page","link":"https:\/\/www.aurelieverioca.com\/pt\/conditions-dutilisation\/","title":{"rendered":"Termos de uso"},"content":{"rendered":"<p>Relativamente \u00e0s compras que pode realizar no nosso site: tem o direito de desistir sem indicar o motivo durante 14 dias a partir da recep\u00e7\u00e3o da sua encomenda.<\/p>\n<p>Para exercer o seu direito de rescis\u00e3o, dever\u00e1 comunicar-nos a sua decis\u00e3o por correio registado para o seguinte endere\u00e7o: 12 rue du P\u00f4le Nord, 75018 Paris ou por e-mail para info@catavento.fr dentro do prazo, atrav\u00e9s do seguinte formul\u00e1rio anexado a estas Condi\u00e7\u00f5es como Anexo 1. Se voc\u00ea entrar em contato conosco por e-mail, acusaremos o recebimento de sua retirada.<\/p>\n<p>Voc\u00ea deve devolver os Produtos o mais r\u00e1pido poss\u00edvel, em qualquer caso, no prazo de 14 dias ap\u00f3s a notifica\u00e7\u00e3o da sua retirada. Ap\u00f3s a recep\u00e7\u00e3o do Produto, emitiremos um reembolso total no prazo de 14 dias, com excep\u00e7\u00e3o dos custos de devolu\u00e7\u00e3o, que permanecer\u00e3o da sua responsabilidade.<\/p>","protected":false},"excerpt":{"rendered":"<p>Concernant les achats que vous pourrez faire sur notre site : vous avez le droit de vous r\u00e9tracter sans donner de motif pendant 14 jours \u00e0 compter de la r\u00e9ception de votre commande. Pour exercer votre droit de r\u00e9tractation, vous devez nous notifier votre d\u00e9cision par courrier recommand\u00e9 \u00e0 l'adresse suivante : 12 rue du [&hellip;]<\/p>\n","protected":false},"author":1,"featured_media":0,"parent":0,"menu_order":0,"comment_status":"closed","ping_status":"closed","template":"","meta":{"_acf_changed":false,"inline_featured_image":false,"footnotes":""},"class_list":["post-88","page","type-page","status-publish","hentry"],"acf":[],"_links":{"self":[{"href":"https:\/\/www.aurelieverioca.com\/pt\/wp-json\/wp\/v2\/pages\/88","targetHints":{"allow":["GET"]}}],"collection":[{"href":"https:\/\/www.aurelieverioca.com\/pt\/wp-json\/wp\/v2\/pages"}],"about":[{"href":"https:\/\/www.aurelieverioca.com\/pt\/wp-json\/wp\/v2\/types\/page"}],"author":[{"embeddable":true,"href":"https:\/\/www.aurelieverioca.com\/pt\/wp-json\/wp\/v2\/users\/1"}],"replies":[{"embeddable":true,"href":"https:\/\/www.aurelieverioca.com\/pt\/wp-json\/wp\/v2\/comments?post=88"}],"version-history":[{"count":1,"href":"https:\/\/www.aurelieverioca.com\/pt\/wp-json\/wp\/v2\/pages\/88\/revisions"}],"predecessor-version":[{"id":89,"href":"https:\/\/www.aurelieverioca.com\/pt\/wp-json\/wp\/v2\/pages\/88\/revisions\/89"}],"wp:attachment":[{"href":"https:\/\/www.aurelieverioca.com\/pt\/wp-json\/wp\/v2\/media?parent=88"}],"curies":[{"name":"wp","href":"https:\/\/api.w.org\/{rel}","templated":true}]}}