{"id":86,"date":"2023-11-13T13:36:26","date_gmt":"2023-11-13T13:36:26","guid":{"rendered":"https:\/\/www.aurelieverioca.com\/?page_id=86"},"modified":"2023-11-13T13:36:26","modified_gmt":"2023-11-13T13:36:26","slug":"politique-de-confidentialite","status":"publish","type":"page","link":"https:\/\/www.aurelieverioca.com\/pt\/politique-de-confidentialite\/","title":{"rendered":"pol\u00edtica de Privacidade"},"content":{"rendered":"<p>Comprometemo-nos a n\u00e3o compartilhar com ningu\u00e9m as informa\u00e7\u00f5es que voc\u00ea deseja nos comunicar.<br \/>\nA informa\u00e7\u00e3o que recolhemos \u00e9 exclusivamente aquela que nos transmite atrav\u00e9s das mensagens que nos envia ou atrav\u00e9s da subscri\u00e7\u00e3o da nossa newsletter.<\/p>\n<p>Obrigado por sua confian\u00e7a<\/p>","protected":false},"excerpt":{"rendered":"<p>Comprometemo-nos a n\u00e3o compartilhar com ningu\u00e9m as informa\u00e7\u00f5es que voc\u00ea deseja nos comunicar. A informa\u00e7\u00e3o que recolhemos \u00e9 exclusivamente aquela que nos transmite atrav\u00e9s das mensagens que nos envia ou atrav\u00e9s da subscri\u00e7\u00e3o da nossa newsletter. Obrigado por sua confian\u00e7a<\/p>","protected":false},"author":1,"featured_media":0,"parent":0,"menu_order":0,"comment_status":"closed","ping_status":"closed","template":"","meta":{"_acf_changed":false,"inline_featured_image":false,"footnotes":""},"class_list":["post-86","page","type-page","status-publish","hentry"],"acf":[],"_links":{"self":[{"href":"https:\/\/www.aurelieverioca.com\/pt\/wp-json\/wp\/v2\/pages\/86","targetHints":{"allow":["GET"]}}],"collection":[{"href":"https:\/\/www.aurelieverioca.com\/pt\/wp-json\/wp\/v2\/pages"}],"about":[{"href":"https:\/\/www.aurelieverioca.com\/pt\/wp-json\/wp\/v2\/types\/page"}],"author":[{"embeddable":true,"href":"https:\/\/www.aurelieverioca.com\/pt\/wp-json\/wp\/v2\/users\/1"}],"replies":[{"embeddable":true,"href":"https:\/\/www.aurelieverioca.com\/pt\/wp-json\/wp\/v2\/comments?post=86"}],"version-history":[{"count":1,"href":"https:\/\/www.aurelieverioca.com\/pt\/wp-json\/wp\/v2\/pages\/86\/revisions"}],"predecessor-version":[{"id":87,"href":"https:\/\/www.aurelieverioca.com\/pt\/wp-json\/wp\/v2\/pages\/86\/revisions\/87"}],"wp:attachment":[{"href":"https:\/\/www.aurelieverioca.com\/pt\/wp-json\/wp\/v2\/media?parent=86"}],"curies":[{"name":"wp","href":"https:\/\/api.w.org\/{rel}","templated":true}]}}