{"id":84,"date":"2023-11-13T13:36:06","date_gmt":"2023-11-13T13:36:06","guid":{"rendered":"https:\/\/www.aurelieverioca.com\/?page_id=84"},"modified":"2023-11-13T13:36:06","modified_gmt":"2023-11-13T13:36:06","slug":"politique-en-matiere-de-cookies","status":"publish","type":"page","link":"https:\/\/www.aurelieverioca.com\/pt\/politique-en-matiere-de-cookies\/","title":{"rendered":"Pol\u00edtica de Cookies"},"content":{"rendered":"<p><strong>1. O que s\u00e3o cookies?<\/strong><br \/>\nUm cookie \u00e9 um pequeno arquivo composto por letras e n\u00fameros que \u00e9 baixado no seu computador quando voc\u00ea acessa determinados sites. Em geral, os cookies permitem que um website reconhe\u00e7a o computador do utilizador.<br \/>\n\u200b<br \/>\nA coisa mais importante a saber sobre os cookies que colocamos \u00e9 que eles servem para melhorar a usabilidade do nosso site, por exemplo, lembrando as prefer\u00eancias do site e as configura\u00e7\u00f5es de idioma.<\/p>\n<p><strong>2. Por que usamos cookies?<\/strong><br \/>\nPodemos utilizar cookies e outras tecnologias semelhantes por v\u00e1rios motivos, por exemplo: i) para fins de seguran\u00e7a ou prote\u00e7\u00e3o contra fraudes e para identificar e prevenir ataques cibern\u00e9ticos, ii) para lhe fornecer o servi\u00e7o que voc\u00ea escolheu receber de n\u00f3s, iii) monitorar e analisar o desempenho, opera\u00e7\u00e3o e efic\u00e1cia do nosso servi\u00e7o e iv) melhorar a sua experi\u00eancia de usu\u00e1rio.<\/p>\n<p><strong>3. Mesa de biscoitos:<\/strong><br \/>\nNesta se\u00e7\u00e3o voc\u00ea deve mencionar os cookies que utiliza em seu site. Para mais informa\u00e7\u00f5es, clique aqui.<\/p>\n<p><strong>4. Suas escolhas:<\/strong><br \/>\nPara saber mais sobre cookies, incluindo como ver quais cookies foram definidos e entender como gerenci\u00e1-los, exclu\u00ed-los ou bloque\u00e1-los, visite https:\/\/aboutcookies.org\/ ou https:\/\/www.allaboutcookies.org\/fr\/.<\/p>\n<p>Tamb\u00e9m \u00e9 poss\u00edvel impedir que o seu navegador aceite cookies alterando as configura\u00e7\u00f5es relevantes do seu navegador. Geralmente voc\u00ea pode encontrar essas configura\u00e7\u00f5es no menu \u201cOp\u00e7\u00f5es\u201d ou \u201cPrefer\u00eancias\u201d do seu navegador.<\/p>\n<p>Observe que a exclus\u00e3o de nossos cookies ou a desativa\u00e7\u00e3o de futuros cookies ou tecnologias de rastreamento pode impedir que voc\u00ea acesse determinadas \u00e1reas ou recursos de nossos Servi\u00e7os ou pode, de outra forma, afetar negativamente sua experi\u00eancia de usu\u00e1rio.<\/p>\n<p>Os links a seguir podem ser \u00fateis ou voc\u00ea pode usar a op\u00e7\u00e3o \u201cAjuda\u201d do seu navegador.<\/p>\n<ul>\n<li>Configura\u00e7\u00f5es de cookies no Firefox<\/li>\n<li>Configura\u00e7\u00f5es de cookies no Internet Explorer<\/li>\n<li>Configura\u00e7\u00f5es de cookies no Google Chrome<\/li>\n<li>Configura\u00e7\u00f5es de cookies no Safari (OS X)<\/li>\n<li>Configura\u00e7\u00f5es de cookies no Safari (iOS)<\/li>\n<li>Configura\u00e7\u00f5es de cookies no Android<br \/>\n\u200b<br \/>\nPara cancelar e impedir que seus dados sejam usados pelo Google Analytics em todos os sites, consulte as seguintes instru\u00e7\u00f5es: https:\/\/tools.google.com\/dlpage\/gaoptout?hl=fr.<br \/>\n\u200b<br \/>\nPodemos alterar esta pol\u00edtica de cookies. Recomendamos que voc\u00ea verifique regularmente esta p\u00e1gina para obter as informa\u00e7\u00f5es mais recentes sobre cookies.<\/li>\n<\/ul>","protected":false},"excerpt":{"rendered":"<p>1. Qu'est-ce qu'un cookie ? Un cookie est un petit fichier constitu\u00e9 de lettres et de chiffres et t\u00e9l\u00e9charg\u00e9 sur votre ordinateur lorsque vous acc\u00e9dez \u00e0 certains sites web. En g\u00e9n\u00e9ral, les cookies permettent \u00e0 un site web de reconna\u00eetre l'ordinateur de l\u2019utilisateur. \u200b La chose la plus importante \u00e0 savoir sur les cookies que [&hellip;]<\/p>\n","protected":false},"author":1,"featured_media":0,"parent":0,"menu_order":0,"comment_status":"closed","ping_status":"closed","template":"","meta":{"_acf_changed":false,"inline_featured_image":false,"footnotes":""},"class_list":["post-84","page","type-page","status-publish","hentry"],"acf":[],"_links":{"self":[{"href":"https:\/\/www.aurelieverioca.com\/pt\/wp-json\/wp\/v2\/pages\/84","targetHints":{"allow":["GET"]}}],"collection":[{"href":"https:\/\/www.aurelieverioca.com\/pt\/wp-json\/wp\/v2\/pages"}],"about":[{"href":"https:\/\/www.aurelieverioca.com\/pt\/wp-json\/wp\/v2\/types\/page"}],"author":[{"embeddable":true,"href":"https:\/\/www.aurelieverioca.com\/pt\/wp-json\/wp\/v2\/users\/1"}],"replies":[{"embeddable":true,"href":"https:\/\/www.aurelieverioca.com\/pt\/wp-json\/wp\/v2\/comments?post=84"}],"version-history":[{"count":1,"href":"https:\/\/www.aurelieverioca.com\/pt\/wp-json\/wp\/v2\/pages\/84\/revisions"}],"predecessor-version":[{"id":85,"href":"https:\/\/www.aurelieverioca.com\/pt\/wp-json\/wp\/v2\/pages\/84\/revisions\/85"}],"wp:attachment":[{"href":"https:\/\/www.aurelieverioca.com\/pt\/wp-json\/wp\/v2\/media?parent=84"}],"curies":[{"name":"wp","href":"https:\/\/api.w.org\/{rel}","templated":true}]}}