{"id":27,"date":"2023-11-13T10:52:25","date_gmt":"2023-11-13T10:52:25","guid":{"rendered":"https:\/\/www.aurelieverioca.com\/?page_id=27"},"modified":"2023-11-13T16:06:51","modified_gmt":"2023-11-13T16:06:51","slug":"epk","status":"publish","type":"page","link":"https:\/\/www.aurelieverioca.com\/pt\/epk\/","title":{"rendered":"EPK"},"content":{"rendered":"<p>Requinte, delicadeza e humor s\u00e3o alguns dos ingredientes desta dupla \u00fanica que leva a imagina\u00e7\u00e3o numa viagem.<br \/>\nUm show r\u00edtmico e colorido do qual voc\u00ea sai totalmente desorientado.\u201c<br \/>\nNOSSOS ENCANTADORES<\/p>\n<p>\u201cSuavidade e balan\u00e7o, somos seduzidos.\u201d<br \/>\nTELERAMA fff<\/p>\n<p>&quot;Voc\u00ea vai aproveitar !&quot;<br \/>\nVAUCLUSE AZUL FRAN\u00c7A<\/p>\n<p>\u201cM\u00fasica brasileira de duas francesas.\u201d<br \/>\nO GLOBO<br \/>\n\u200b<br \/>\n\u201cUma dupla muito linda\u201c<br \/>\nREVISTA DE JAZZ<\/p>\n<p><a href=\"https:\/\/www.aurelieverioca.com\/wp-content\/uploads\/2023\/11\/REVUE-DE-PRESSE-Aurelie_Verioca_maj-juin-2021.pdf\" target=\"_blank\" rel=\"noopener\">Jornal<\/a><\/p>\n<p>&nbsp;<\/p>","protected":false},"excerpt":{"rendered":"<p>Raffinement, d\u00e9licatesse et humour sont quelques-uns des ingr\u00e9dients de ce duo singulier qui fait voyager l\u2019imaginaire. Un spectacle rythm\u00e9 et color\u00e9 d\u2019o\u00f9 on sort totalement d\u00e9pays\u00e9.\u201c NOS ENCHANTEURS \u201cDe la douceur et du swing, On est s\u00e9duit.\u201c T\u00c9L\u00c9RAMA fff \u201cVous allez vous r\u00e9galer !\u201c FRANCE BLEU VAUCLUSE \u201cLa musique br\u00e9silienne de deux fran\u00e7aises.\u201c O GLOBO [&hellip;]<\/p>\n","protected":false},"author":1,"featured_media":0,"parent":0,"menu_order":0,"comment_status":"closed","ping_status":"closed","template":"","meta":{"_acf_changed":false,"inline_featured_image":false,"footnotes":""},"class_list":["post-27","page","type-page","status-publish","hentry"],"acf":[],"_links":{"self":[{"href":"https:\/\/www.aurelieverioca.com\/pt\/wp-json\/wp\/v2\/pages\/27","targetHints":{"allow":["GET"]}}],"collection":[{"href":"https:\/\/www.aurelieverioca.com\/pt\/wp-json\/wp\/v2\/pages"}],"about":[{"href":"https:\/\/www.aurelieverioca.com\/pt\/wp-json\/wp\/v2\/types\/page"}],"author":[{"embeddable":true,"href":"https:\/\/www.aurelieverioca.com\/pt\/wp-json\/wp\/v2\/users\/1"}],"replies":[{"embeddable":true,"href":"https:\/\/www.aurelieverioca.com\/pt\/wp-json\/wp\/v2\/comments?post=27"}],"version-history":[{"count":5,"href":"https:\/\/www.aurelieverioca.com\/pt\/wp-json\/wp\/v2\/pages\/27\/revisions"}],"predecessor-version":[{"id":126,"href":"https:\/\/www.aurelieverioca.com\/pt\/wp-json\/wp\/v2\/pages\/27\/revisions\/126"}],"wp:attachment":[{"href":"https:\/\/www.aurelieverioca.com\/pt\/wp-json\/wp\/v2\/media?parent=27"}],"curies":[{"name":"wp","href":"https:\/\/api.w.org\/{rel}","templated":true}]}}