{"id":211,"date":"2023-12-14T17:55:33","date_gmt":"2023-12-14T17:55:33","guid":{"rendered":"https:\/\/www.aurelieverioca.com\/?page_id=211"},"modified":"2024-01-25T08:38:13","modified_gmt":"2024-01-25T08:38:13","slug":"pedagogie","status":"publish","type":"page","link":"https:\/\/www.aurelieverioca.com\/pt\/pedagogie\/","title":{"rendered":"Pedagogia"},"content":{"rendered":"<p>A pedagogia ocupa um lugar importante na pr\u00e1tica musical de Aur\u00e9lie &amp; Verioca. Eles podem oferecer workshops de diferentes dura\u00e7\u00f5es e para diferentes p\u00fablicos.<\/p>\n<p>Trabalharam com os CMR du 94 (Centros de M\u00fasica Rural) para formar professores na especificidade desta m\u00fasica. Eles trabalharam com popula\u00e7\u00f5es desfavorecidas nas casas de retransmiss\u00e3o Abb\u00e9 Pierre em Cormeil-en-Parisis para fam\u00edlias. Eles conduziram workshops no Instituto Franc\u00eas de Maputo, em Mo\u00e7ambique, em 2013.<\/p>\n<p><iframe loading=\"lazy\" title=\"Reprodutor de v\u00eddeo do YouTube\" src=\"https:\/\/www.youtube.com\/embed\/Piy0K5uwEK0?si=eKPq4lr7MroEKFjg\" width=\"560\" height=\"315\" frameborder=\"0\" allowfullscreen=\"allowfullscreen\"><\/iframe><\/p>\n<p>Desde 2022 ministram oficinas tem\u00e1ticas dedicadas \u00e0 transmiss\u00e3o da m\u00fasica brasileira pela voz.<\/p>\n<p><strong>Fins de semana tem\u00e1ticos<\/strong><\/p>\n<p>Esses workshops acontecem durante um fim de semana inteiro em Paris, aproximadamente uma vez por m\u00eas.<br \/>\n\u00c9 claro que eles podem entreg\u00e1-los em qualquer outro lugar, n\u00e3o hesite em pedi-los!<br \/>\nS\u00e3o os alunos que falam melhor sobre isso:<br \/>\n\u201cum ambiente acolhedor e um m\u00e9todo de ensino muito bem pensado para transmitir muita coisa, mas passo a passo!\u201d Clothilde<br \/>\n\u201cUm programa t\u00e3o bem pensado (passagens individuais, m\u00fasicas em conjunto, ritmo, roda) que a energia e a aten\u00e7\u00e3o n\u00e3o diminuem durante 2 dias.<br \/>\nSonhei com isso depois de 20 anos de pr\u00e1tica!\u201c Dominique<br \/>\n\u201cum ambiente atencioso e inclusivo, uma pedagogia que se adapta \u00e0s necessidades de cada pessoa, repleta de conselhos valiosos e do prazer de cantar em grupo e individualmente\u201d W.<br \/>\n\u201cUm samba encantador com Aur\u00e9lie Tyszblat e Verioca Lherm\u201d Isabelle<br \/>\n\u201cAur\u00e9lie &amp; Verioca s\u00e3o apaixonadas, muito profissionais e atenciosas. Os conselhos de Aur\u00e9lie sobre o canto individual s\u00e3o muito estimulantes\u201c Val\u00e9rie C.<\/p>\n<p>&nbsp;<\/p>\n<p><strong>EST\u00c1GIO DE VER\u00c3O na Proven\u00e7a de 10 a 14 de julho de 2024<\/strong><\/p>\n<div id=\"attachment_234\" style=\"width: 310px\" class=\"wp-caption alignnone\"><img loading=\"lazy\" decoding=\"async\" aria-describedby=\"caption-attachment-234\" class=\"size-medium wp-image-234\" src=\"https:\/\/www.aurelieverioca.com\/wp-content\/uploads\/2024\/01\/Flyer-Aurelie-et-Verioca-stage-ete-300x212.jpg\" alt=\"Stage d'\u00e9t\u00e9 2024 en Provence\" width=\"300\" height=\"212\" srcset=\"https:\/\/www.aurelieverioca.com\/wp-content\/uploads\/2024\/01\/Flyer-Aurelie-et-Verioca-stage-ete-300x212.jpg 300w, https:\/\/www.aurelieverioca.com\/wp-content\/uploads\/2024\/01\/Flyer-Aurelie-et-Verioca-stage-ete-1024x724.jpg 1024w, https:\/\/www.aurelieverioca.com\/wp-content\/uploads\/2024\/01\/Flyer-Aurelie-et-Verioca-stage-ete-768x543.jpg 768w, https:\/\/www.aurelieverioca.com\/wp-content\/uploads\/2024\/01\/Flyer-Aurelie-et-Verioca-stage-ete-18x12.jpg 18w, https:\/\/www.aurelieverioca.com\/wp-content\/uploads\/2024\/01\/Flyer-Aurelie-et-Verioca-stage-ete-600x424.jpg 600w, https:\/\/www.aurelieverioca.com\/wp-content\/uploads\/2024\/01\/Flyer-Aurelie-et-Verioca-stage-ete.jpg 1200w\" sizes=\"auto, (max-width: 300px) 100vw, 300px\" \/><p id=\"caption-attachment-234\" class=\"wp-caption-text\">Est\u00e1gio de ver\u00e3o 2024 na Proven\u00e7a de 10 a 14 de julho de 2024<\/p><\/div>\n<p>Contate-nos: aurelieveverioca@gmail.com<\/p>\n<p>&nbsp;<\/p>","protected":false},"excerpt":{"rendered":"<p>La p\u00e9dagogie occupe une place importante dans la pratique musicale de Aur\u00e9lie &amp; Verioca. Elles peuvent proposer des ateliers de diff\u00e9rentes dur\u00e9es et pour diff\u00e9rents publics. Elles ont travaill\u00e9 avec les CMR du 94 (Centres Musicaux Ruraux) pour former des professeurs \u00e0 la sp\u00e9cificit\u00e9 de cette musique. Elles sont intervenues aupr\u00e8s des populations d\u00e9favoris\u00e9es des [&hellip;]<\/p>\n","protected":false},"author":1,"featured_media":0,"parent":0,"menu_order":0,"comment_status":"closed","ping_status":"closed","template":"","meta":{"_acf_changed":false,"inline_featured_image":false,"footnotes":""},"class_list":["post-211","page","type-page","status-publish","hentry"],"acf":[],"_links":{"self":[{"href":"https:\/\/www.aurelieverioca.com\/pt\/wp-json\/wp\/v2\/pages\/211","targetHints":{"allow":["GET"]}}],"collection":[{"href":"https:\/\/www.aurelieverioca.com\/pt\/wp-json\/wp\/v2\/pages"}],"about":[{"href":"https:\/\/www.aurelieverioca.com\/pt\/wp-json\/wp\/v2\/types\/page"}],"author":[{"embeddable":true,"href":"https:\/\/www.aurelieverioca.com\/pt\/wp-json\/wp\/v2\/users\/1"}],"replies":[{"embeddable":true,"href":"https:\/\/www.aurelieverioca.com\/pt\/wp-json\/wp\/v2\/comments?post=211"}],"version-history":[{"count":3,"href":"https:\/\/www.aurelieverioca.com\/pt\/wp-json\/wp\/v2\/pages\/211\/revisions"}],"predecessor-version":[{"id":236,"href":"https:\/\/www.aurelieverioca.com\/pt\/wp-json\/wp\/v2\/pages\/211\/revisions\/236"}],"wp:attachment":[{"href":"https:\/\/www.aurelieverioca.com\/pt\/wp-json\/wp\/v2\/media?parent=211"}],"curies":[{"name":"wp","href":"https:\/\/api.w.org\/{rel}","templated":true}]}}