{"id":21,"date":"2023-11-13T10:50:36","date_gmt":"2023-11-13T10:50:36","guid":{"rendered":"https:\/\/www.aurelieverioca.com\/?page_id=21"},"modified":"2023-11-13T13:45:12","modified_gmt":"2023-11-13T13:45:12","slug":"bio-verioca-solo","status":"publish","type":"page","link":"https:\/\/www.aurelieverioca.com\/pt\/bio-verioca-solo\/","title":{"rendered":"Solo de Verioca Org\u00e2nica"},"content":{"rendered":"<p>Sou compositor, violonista, cavaquinhista, percussionista, tamb\u00e9m canto com letra ou onomatopeia\u2026 Meu primeiro instrumento \u00e9 o viol\u00e3o claro. Bem, a menos que voc\u00ea conte os raios da minha bicicleta de inf\u00e2ncia que tentei afinar (!)...<\/p>\n<p>Ent\u00e3o, aos 13 anos, comecei a estudar viol\u00e3o. Primeiro viol\u00e3o cl\u00e1ssico com Jean-Pierre Billet, depois viol\u00e3o brasileiro com Roland Dyens. Ganhei at\u00e9 uma medalha - que n\u00e3o era de chocolate, mas de ouro - no conservat\u00f3rio de Clermont-Ferrand...<\/p>\n<p>Desde a minha primeira viagem ao Brasil em 1982, comecei a compor e minha inspira\u00e7\u00e3o sempre me levou a esses ritmos sincopados e a essas harmonias que eu mal entendia (e que eu realmente n\u00e3o queria entender al\u00e9m disso\u2026 mas o que soava!!! )<\/p>\n<p>Antes de compor m\u00fasicas inteiras, fiz muitas introdu\u00e7\u00f5es, truques, covers de Joyce, Edu Lobo, Djavan, Toninho Horta, Filo, Gilberto Gil, Jo\u00e3o Bosco, Nelson Cavaquinho, Dona Ivone Lara, Cartola, Tom Jobim\u2026 Ent\u00e3o, eu comecei a tocar todos os instrumentos que cruzavam meu caminho\u2026<\/p>\n<p>O cavaquinho, esse viol\u00e3ozinho que achei perfeitamente adequado ao meu tamanho e ao meu gosto! Mas tamb\u00e9m o pandeiro e seus sinos, a caixa, o repinique, o tamborim, o surdo, o tantan (muito tentador o tantan!), o viol\u00e3o de 7 cordas... E a\u00ed desenvolvi meu pr\u00f3prio beatbox, com onomatopeias e ru\u00eddos que peguei aqui e ali\u2026 (Obrigado aos animais do meu parque!!)<\/p>\n<p>Desde 1983, toquei com v\u00e1rios grupos como \u201cAtabaque\u201c, \u201cEscola de samba da Tia Nicia de Paris\u201d, \u201cUni\u00e3o do sul\u201d, \u201cSambagogo\u201d, \u201cYorima\u201c, \u201cJanaina\u201c, \u201cJangada\u201c, \u201cMadrugada\u201c , \u201cChoro sorrir\u201c, \u201cGuaran\u00e1 samba\u201c, \u201cPartido bom\u201c, \u201cOba Brasil\u201c, \u201cos bocas grandes\u201d, \u201cles CoSMoPauLetteS\u201d, o \u201ctrio Nascimento\u201c.<\/p>\n<p>E depois com m\u00fasicos que adoro: Thierry Peala, Odile Bertotto, Flavia Perez, Pierrick Hardy, Chantal Lavall\u00e9e, Gil Chovet, Christiano Nascimento e Claire Luzi.<br \/>\nEm 2013 gravei o \u00e1lbum \u201cCa c\u2019est bossa\u201d com os P\u2019tits loups du jazz e Olivier Caillard.<\/p>\n<p style=\"text-align: left;\">Hoje tenho 6 panquecas:<br \/>\n1999 \u201cBrasileira de cora\u00e7\u00e3o\u201d que produzi em 1999<br \/>\n2005 \u201cCarioca de cora\u00e7\u00e3o\u201d produzido por Renaud Kressman em 2005<br \/>\n2011 \u201cAl\u00e9m desclouds\u201d com Aur\u00e9lie gravado parcialmente no Rio no lindo est\u00fadio de Carlos Fuchs com vista para o P\u00e3o de A\u00e7\u00facar!!! Ent\u00e3o alegria!<br \/>\n2015 \u201cPasso a passo\u201d, sempre com Aur\u00e9lie.<br \/>\n2019 \u201cUatu\u201d novamente com Aur\u00e9lie<br \/>\n2021 \u201cUma jornada de T\u00e2nia Maria\u201d com Thierry P\u00e9ala, em homenagem a uma das grandes respons\u00e1veis pela minha exalta\u00e7\u00e3o brasileira: T\u00e2nia Maria.<\/p>\n<p style=\"text-align: right;\">Verioca<\/p>","protected":false},"excerpt":{"rendered":"<p>Je suis compositrice, guitariste, cavaquinhiste, percussionniste, je chante aussi avec des mots ou des onomatop\u00e9es\u2026 Mon premier instrument c\u2019est la guitare bien s\u00fbr. Enfin, sauf si on compte les rayons de mon v\u00e9lo d\u2019enfant que j\u2019avais essay\u00e9 d\u2019accorder (!)... \u00c0 l\u2019\u00e2ge de 13 ans, j\u2019ai donc commenc\u00e9 \u00e0 \u00e9tudier la guitare. D\u2019abord la guitare classique [&hellip;]<\/p>\n","protected":false},"author":1,"featured_media":108,"parent":0,"menu_order":0,"comment_status":"closed","ping_status":"closed","template":"","meta":{"_acf_changed":false,"inline_featured_image":false,"footnotes":""},"class_list":["post-21","page","type-page","status-publish","has-post-thumbnail","hentry"],"acf":[],"_links":{"self":[{"href":"https:\/\/www.aurelieverioca.com\/pt\/wp-json\/wp\/v2\/pages\/21","targetHints":{"allow":["GET"]}}],"collection":[{"href":"https:\/\/www.aurelieverioca.com\/pt\/wp-json\/wp\/v2\/pages"}],"about":[{"href":"https:\/\/www.aurelieverioca.com\/pt\/wp-json\/wp\/v2\/types\/page"}],"author":[{"embeddable":true,"href":"https:\/\/www.aurelieverioca.com\/pt\/wp-json\/wp\/v2\/users\/1"}],"replies":[{"embeddable":true,"href":"https:\/\/www.aurelieverioca.com\/pt\/wp-json\/wp\/v2\/comments?post=21"}],"version-history":[{"count":3,"href":"https:\/\/www.aurelieverioca.com\/pt\/wp-json\/wp\/v2\/pages\/21\/revisions"}],"predecessor-version":[{"id":107,"href":"https:\/\/www.aurelieverioca.com\/pt\/wp-json\/wp\/v2\/pages\/21\/revisions\/107"}],"wp:featuredmedia":[{"embeddable":true,"href":"https:\/\/www.aurelieverioca.com\/pt\/wp-json\/wp\/v2\/media\/108"}],"wp:attachment":[{"href":"https:\/\/www.aurelieverioca.com\/pt\/wp-json\/wp\/v2\/media?parent=21"}],"curies":[{"name":"wp","href":"https:\/\/api.w.org\/{rel}","templated":true}]}}